{"id":3812,"date":"2024-12-03T16:43:42","date_gmt":"2024-12-03T07:43:42","guid":{"rendered":"https:\/\/minamiuonuma.or.jp\/?page_id=3812"},"modified":"2025-02-26T14:48:49","modified_gmt":"2025-02-26T05:48:49","slug":"%e6%8e%a1%e7%94%a8%e6%83%85%e5%a0%b1-%e3%81%8a%e5%95%8f%e3%81%84%e5%90%88%e3%82%8f%e3%81%9b%e3%83%95%e3%82%a9%e3%83%bc%e3%83%a0","status":"publish","type":"page","link":"https:\/\/minamiuonuma.or.jp\/?page_id=3812","title":{"rendered":"\u65bd\u8a2d\u898b\u5b66\u30fb\u6c42\u4eba\u60c5\u5831 \u304a\u554f\u3044\u5408\u308f\u305b\u30d5\u30a9\u30fc\u30e0"},"content":{"rendered":"<div class=\"box3\">\n<h2 class=\"style_h2\">\u25a0 \u65bd\u8a2d\u898b\u5b66\u30fb\u6c42\u4eba\u60c5\u5831 \u304a\u554f\u3044\u5408\u308f\u305b\u30d5\u30a9\u30fc\u30e0\u306b\u3064\u3044\u3066<\/h2>\n<hr>\n<ul>\n<li>\u65bd\u8a2d\u898b\u5b66\u306e\u5e0c\u671b\u3084\u3001\u6c42\u4eba\u60c5\u5831\u306b\u95a2\u3057\u3066\u3054\u8cea\u554f\u7b49\u3054\u3056\u3044\u307e\u3057\u305f\u3089\u4ee5\u4e0b\u306e\u30d5\u30a9\u30fc\u30e0\u3088\u308a\u304a\u554f\u3044\u5408\u308f\u305b\u3044\u305f\u3060\u3051\u307e\u3059\u3002<\/li>\n<li>\u62c5\u5f53\u8005\u304c\u6298\u308a\u8fd4\u3057\u3054\u9023\u7d61\u3044\u305f\u3057\u307e\u3059\u306e\u3067\u3001\u304a\u6c17\u8efd\u306b\u3054\u6d3b\u7528\u304f\u3060\u3055\u3044\u3002<br \/>\n\u3054\u9001\u4fe1\u9802\u3044\u305f\u5185\u5bb9\u306f\u3001\u500b\u4eba\u60c5\u5831\u306b\u7559\u610f\u3057\u305f\u4e0a\u3001\u304a\u554f\u3044\u5408\u308f\u305b\u306e\u56de\u7b54\u3084\u8cc7\u6599\u306e\u9001\u4ed8\u7b49\u306b\u6d3b\u7528\u3055\u305b\u3066\u3044\u305f\u3060\u304f\u3053\u3068\u304c\u3042\u308a\u307e\u3059\u3002\u6cd5\u4ee4\u7b49\u306b\u57fa\u3065\u304f\u5834\u5408\u3092\u9664\u304d\u3001\u3042\u3089\u304b\u3058\u3081\u3054\u672c\u4eba\u69d8\u306e\u540c\u610f\u3092\u5f97\u308b\u3053\u3068\u306a\u304f\u3001\u500b\u4eba\u60c5\u5831\u3092\u7b2c\u4e09\u8005\u306b\u5bfe\u3057\u3066\u63d0\u4f9b\u3059\u308b\u3053\u3068\u306f\u3054\u3056\u3044\u307e\u305b\u3093\u3002\uff08<a href=\"https:\/\/minamiuonuma.or.jp\/?page_id=3\" rel=\"noopener\" target=\"_blank\">\u5357\u9b5a\u6cbc\u798f\u7949\u4f1a\u30d7\u30e9\u30a4\u30d0\u30b7\u30fc\u30dd\u30ea\u30b7\u30fc<\/a>\u306b\u3064\u3044\u3066\uff09<\/li>\n<li>\u55b6\u696d\u30fb\u52e7\u8a98\u3092\u76ee\u7684\u3068\u3057\u305f\u304a\u554f\u3044\u5408\u308f\u305b\u306f\u4e00\u5207\u5bfe\u5fdc\u3067\u304d\u304b\u306d\u307e\u3059\u306e\u3067\u3054\u9060\u616e\u304f\u3060\u3055\u3044\u3002<\/li>\n<\/ul>\n\n<div class=\"wpcf7 no-js\" id=\"wpcf7-f3809-o1\" lang=\"ja\" dir=\"ltr\" data-wpcf7-id=\"3809\">\n<div class=\"screen-reader-response\"><p role=\"status\" aria-live=\"polite\" aria-atomic=\"true\"><\/p> <ul><\/ul><\/div>\n<form action=\"\/index.php?rest_route=%2Fwp%2Fv2%2Fpages%2F3812#wpcf7-f3809-o1\" method=\"post\" class=\"wpcf7-form init\" aria-label=\"\u30b3\u30f3\u30bf\u30af\u30c8\u30d5\u30a9\u30fc\u30e0\" novalidate=\"novalidate\" data-status=\"init\">\n<fieldset class=\"hidden-fields-container\"><input type=\"hidden\" name=\"_wpcf7\" value=\"3809\" \/><input type=\"hidden\" name=\"_wpcf7_version\" value=\"6.1.4\" \/><input type=\"hidden\" name=\"_wpcf7_locale\" value=\"ja\" \/><input type=\"hidden\" name=\"_wpcf7_unit_tag\" value=\"wpcf7-f3809-o1\" \/><input type=\"hidden\" name=\"_wpcf7_container_post\" value=\"0\" \/><input type=\"hidden\" name=\"_wpcf7_posted_data_hash\" value=\"\" \/>\n<\/fieldset>\n<table class=\"CF7_table\">\n\t<tr>\n\t\t<th>\n\t\t\t<p><span class=\"CF7_req\">\u5fc5\u9808<\/span> \u304a\u554f\u3044\u5408\u308f\u305b\u5185\u5bb9\n\t\t\t<\/p>\n\t\t<\/th>\n\t\t<td>\n\t\t\t<p><span class=\"wpcf7-form-control-wrap\" data-name=\"checkbox-492\"><span class=\"wpcf7-form-control wpcf7-checkbox wpcf7-validates-as-required\"><span class=\"wpcf7-list-item first\"><input type=\"checkbox\" name=\"checkbox-492[]\" value=\"\u898b\u5b66\u5e0c\u671b\" \/><span class=\"wpcf7-list-item-label\">\u898b\u5b66\u5e0c\u671b<\/span><\/span><span class=\"wpcf7-list-item last\"><input type=\"checkbox\" name=\"checkbox-492[]\" value=\"\u305d\u306e\u4ed6\u554f\u3044\u5408\u308f\u305b\" \/><span class=\"wpcf7-list-item-label\">\u305d\u306e\u4ed6\u554f\u3044\u5408\u308f\u305b<\/span><\/span><\/span><\/span>\n\t\t\t<\/p>\n\t\t<\/td>\n\t<\/tr>\n\t<tr>\n\t\t<th>\n\t\t\t<p><span class=\"CF7_req\">\u5fc5\u9808<\/span> \u304a\u540d\u524d\n\t\t\t<\/p>\n\t\t<\/th>\n\t\t<td>\n\t\t\t<p><span class=\"wpcf7-form-control-wrap\" data-name=\"your-name\"><input size=\"40\" maxlength=\"400\" class=\"wpcf7-form-control wpcf7-text wpcf7-validates-as-required\" aria-required=\"true\" aria-invalid=\"false\" placeholder=\"\u4f8b\uff1a\u3042\u306a\u305f\u306e\u304a\u540d\u524d\" value=\"\" type=\"text\" name=\"your-name\" \/><\/span>\n\t\t\t<\/p>\n\t\t<\/td>\n\t<\/tr>\n\t<tr>\n\t\t<th>\n\t\t\t<p><span class=\"CF7_req\">\u5fc5\u9808<\/span> \u30d5\u30ea\u30ac\u30ca\n\t\t\t<\/p>\n\t\t<\/th>\n\t\t<td>\n\t\t\t<p><span class=\"wpcf7-form-control-wrap\" data-name=\"text-301\"><input size=\"40\" maxlength=\"400\" class=\"wpcf7-form-control wpcf7-text wpcf7-validates-as-required\" aria-required=\"true\" aria-invalid=\"false\" placeholder=\"\u4f8b\uff1a\u304a\u540d\u524d\u306e\u30d5\u30ea\u30ac\u30ca\" value=\"\" type=\"text\" name=\"text-301\" \/><\/span>\n\t\t\t<\/p>\n\t\t<\/td>\n\t<\/tr>\n\t<tr>\n\t\t<th>\n\t\t\t<p><span class=\"CF7_req\">\u5fc5\u9808<\/span> \u5e0c\u671b\u8077\u7a2e\n\t\t\t<\/p>\n\t\t<\/th>\n\t\t<td>\n\t\t\t<p><span class=\"wpcf7-form-control-wrap\" data-name=\"text-741\"><input size=\"40\" maxlength=\"400\" class=\"wpcf7-form-control wpcf7-text wpcf7-validates-as-required\" aria-required=\"true\" aria-invalid=\"false\" placeholder=\"\u4f8b\uff1a\u4ecb\u8b77\u8077\u54e1\" value=\"\" type=\"text\" name=\"text-741\" \/><\/span>\n\t\t\t<\/p>\n\t\t<\/td>\n\t<\/tr>\n\t<tr>\n\t\t<th>\n\t\t\t<p><span class=\"CF7_req\">\u5fc5\u9808<\/span> \u30e1\u30fc\u30eb\u30a2\u30c9\u30ec\u30b9\n\t\t\t<\/p>\n\t\t<\/th>\n\t\t<td>\n\t\t\t<p><span class=\"wpcf7-form-control-wrap\" data-name=\"your-email\"><input size=\"40\" maxlength=\"400\" class=\"wpcf7-form-control wpcf7-email wpcf7-validates-as-required wpcf7-text wpcf7-validates-as-email\" aria-required=\"true\" aria-invalid=\"false\" placeholder=\"\u4f8b\uff1a\u00d7\u00d7\u00d7@\u00d7\u00d7\u00d7.com\" value=\"\" type=\"email\" name=\"your-email\" \/><\/span>\n\t\t\t<\/p>\n\t\t<\/td>\n\t<\/tr>\n\t<tr>\n\t\t<th>\n\t\t\t<p><span class=\"CF7_req\">\u5fc5\u9808<\/span>\u90f5\u4fbf\u756a\u53f7\n\t\t\t<\/p>\n\t\t<\/th>\n\t\t<td>\n\t\t\t<p><span class=\"wpcf7-form-control-wrap\" data-name=\"zip\"><input size=\"40\" maxlength=\"400\" class=\"wpcf7-form-control wpcf7-text wpcf7-validates-as-required\" id=\"zip\" aria-required=\"true\" aria-invalid=\"false\" placeholder=\"\u4f8b\uff1a123-4567\" value=\"\" type=\"text\" name=\"zip\" \/><\/span>\n\t\t\t<\/p>\n\t\t<\/td>\n\t<\/tr>\n\t<tr>\n\t\t<th>\n\t\t\t<p><span class=\"CF7_req\">\u5fc5\u9808<\/span>\u3054\u4f4f\u6240\n\t\t\t<\/p>\n\t\t<\/th>\n\t\t<td class=\"address-100\">\n\t\t\t<p><span class=\"wpcf7-form-control-wrap\" data-name=\"addr\"><input size=\"40\" maxlength=\"400\" class=\"wpcf7-form-control wpcf7-text wpcf7-validates-as-required\" id=\"addr\" aria-required=\"true\" aria-invalid=\"false\" placeholder=\"\u4f8b\uff1a\u65b0\u6f5f\u770c\u5357\u9b5a\u6cbc\u5e02\uff11\uff12\uff13\" value=\"\" type=\"text\" name=\"addr\" \/><\/span>\n\t\t\t<\/p>\n\t\t<\/td>\n\t<\/tr>\n\t<tr>\n\t\t<th>\n\t\t\t<p><span class=\"CF7_req\">\u5fc5\u9808<\/span>\u304a\u96fb\u8a71\u756a\u53f7\n\t\t\t<\/p>\n\t\t<\/th>\n\t\t<td>\n\t\t\t<p><span class=\"wpcf7-form-control-wrap\" data-name=\"your-tel\"><input size=\"40\" maxlength=\"400\" class=\"wpcf7-form-control wpcf7-text wpcf7-validates-as-required\" aria-required=\"true\" aria-invalid=\"false\" placeholder=\"\u4f8b\uff1a03-1234-5678\" value=\"\" type=\"text\" name=\"your-tel\" \/><\/span>\n\t\t\t<\/p>\n\t\t<\/td>\n\t<\/tr>\n\t<tr>\n\t\t<th>\n\t\t\t<p><span class=\"CF7_unreq\">\u4efb\u610f<\/span>\u30e1\u30c3\u30bb\u30fc\u30b8\u672c\u6587\n\t\t\t<\/p>\n\t\t<\/th>\n\t\t<td class=\"message-100\">\n\t\t\t<p><span class=\"wpcf7-form-control-wrap\" data-name=\"your-message\"><textarea cols=\"40\" rows=\"10\" maxlength=\"2000\" class=\"wpcf7-form-control wpcf7-textarea\" aria-invalid=\"false\" placeholder=\"\u304a\u6301\u3061\u306e\u8cc7\u683c\u3001\u3054\u8cea\u554f\u7b49\u3054\u3056\u3044\u307e\u3057\u305f\u3089\u3054\u8a18\u5165\u304f\u3060\u3055\u3044\" name=\"your-message\"><\/textarea><\/span>\n\t\t\t<\/p>\n\t\t<\/td>\n\t<\/tr>\n<\/table>\n<div class=\"CF7_text001\">\n\t<p>\u78ba\u8a8d\u753b\u9762\u306f\u8868\u793a\u3055\u308c\u307e\u305b\u3093\u306e\u3067\u3054\u6ce8\u610f\u304f\u3060\u3055\u3044\u3002\n\t<\/p>\n<\/div>\n<p><input class=\"wpcf7-form-control wpcf7-submit has-spinner\" type=\"submit\" value=\"\u9001\u4fe1\u3059\u308b\" \/>\n<\/p><p style=\"display: none !important;\" class=\"akismet-fields-container\" data-prefix=\"_wpcf7_ak_\"><label>&#916;<textarea name=\"_wpcf7_ak_hp_textarea\" cols=\"45\" rows=\"8\" maxlength=\"100\"><\/textarea><\/label><input type=\"hidden\" id=\"ak_js_1\" name=\"_wpcf7_ak_js\" value=\"78\"\/><script>document.getElementById( \"ak_js_1\" ).setAttribute( \"value\", ( new Date() ).getTime() );<\/script><\/p><div class=\"wpcf7-response-output\" aria-hidden=\"true\"><\/div>\n<\/form>\n<\/div>\n<\/div>\n","protected":false},"excerpt":{"rendered":"\u25a0 \u65bd\u8a2d\u898b\u5b66\u30fb\u6c42\u4eba\u60c5\u5831 \u304a\u554f\u3044\u5408\u308f\u305b\u30d5\u30a9\u30fc\u30e0\u306b\u3064\u3044\u3066 \u65bd\u8a2d\u898b\u5b66\u306e\u5e0c\u671b\u3084\u3001\u6c42\u4eba\u60c5\u5831\u306b\u95a2\u3057\u3066\u3054\u8cea\u554f\u7b49\u3054\u3056\u3044\u307e\u3057\u305f\u3089\u4ee5\u4e0b\u306e\u30d5\u30a9\u30fc\u30e0\u3088\u308a\u304a\u554f\u3044\u5408\u308f\u305b\u3044\u305f\u3060\u3051\u307e\u3059\u3002 \u62c5\u5f53\u8005\u304c\u6298\u308a\u8fd4\u3057\u3054\u9023\u7d61\u3044\u305f\u3057\u307e\u3059\u306e\u3067\u3001\u304a\u6c17\u8efd...","protected":false},"author":1,"featured_media":0,"parent":0,"menu_order":0,"comment_status":"closed","ping_status":"closed","template":"","meta":{"_monsterinsights_skip_tracking":false,"_monsterinsights_sitenote_active":false,"_monsterinsights_sitenote_note":"","_monsterinsights_sitenote_category":0,"footnotes":""},"class_list":["post-3812","page","type-page","status-publish","hentry"],"aioseo_notices":[],"_links":{"self":[{"href":"https:\/\/minamiuonuma.or.jp\/index.php?rest_route=\/wp\/v2\/pages\/3812","targetHints":{"allow":["GET"]}}],"collection":[{"href":"https:\/\/minamiuonuma.or.jp\/index.php?rest_route=\/wp\/v2\/pages"}],"about":[{"href":"https:\/\/minamiuonuma.or.jp\/index.php?rest_route=\/wp\/v2\/types\/page"}],"author":[{"embeddable":true,"href":"https:\/\/minamiuonuma.or.jp\/index.php?rest_route=\/wp\/v2\/users\/1"}],"replies":[{"embeddable":true,"href":"https:\/\/minamiuonuma.or.jp\/index.php?rest_route=%2Fwp%2Fv2%2Fcomments&post=3812"}],"version-history":[{"count":10,"href":"https:\/\/minamiuonuma.or.jp\/index.php?rest_route=\/wp\/v2\/pages\/3812\/revisions"}],"predecessor-version":[{"id":4102,"href":"https:\/\/minamiuonuma.or.jp\/index.php?rest_route=\/wp\/v2\/pages\/3812\/revisions\/4102"}],"wp:attachment":[{"href":"https:\/\/minamiuonuma.or.jp\/index.php?rest_route=%2Fwp%2Fv2%2Fmedia&parent=3812"}],"curies":[{"name":"wp","href":"https:\/\/api.w.org\/{rel}","templated":true}]}}